{"id":1046,"date":"2023-07-06T11:56:30","date_gmt":"2023-07-06T14:56:30","guid":{"rendered":"https:\/\/memoriadelasvictorias.com\/?page_id=1046"},"modified":"2023-07-07T21:10:22","modified_gmt":"2023-07-08T00:10:22","slug":"hicimos-panuelos","status":"publish","type":"page","link":"https:\/\/memoriadelasvictorias.com\/index.php\/indice\/nos-reencontramos-en-2014\/preparamos-el-encuentro\/hicimos-panuelos\/","title":{"rendered":"Hicimos pa\u00f1uelos"},"content":{"rendered":"\t\t<div data-elementor-type=\"wp-page\" data-elementor-id=\"1046\" class=\"elementor elementor-1046\">\n\t\t\t\t\t\t<section class=\"elementor-section elementor-top-section elementor-element elementor-element-d78fb81 elementor-section-boxed elementor-section-height-default elementor-section-height-default\" data-id=\"d78fb81\" data-element_type=\"section\" data-e-type=\"section\">\n\t\t\t\t\t\t<div class=\"elementor-container elementor-column-gap-default\">\n\t\t\t\t\t<div class=\"elementor-column elementor-col-100 elementor-top-column elementor-element elementor-element-3fd1fc4\" data-id=\"3fd1fc4\" data-element_type=\"column\" data-e-type=\"column\">\n\t\t\t<div class=\"elementor-widget-wrap elementor-element-populated\">\n\t\t\t\t\t\t<section class=\"elementor-section elementor-inner-section elementor-element elementor-element-d1c2747 elementor-section-boxed elementor-section-height-default elementor-section-height-default\" data-id=\"d1c2747\" data-element_type=\"section\" data-e-type=\"section\">\n\t\t\t\t\t\t<div class=\"elementor-container elementor-column-gap-default\">\n\t\t\t\t\t<div class=\"elementor-column elementor-col-100 elementor-inner-column elementor-element elementor-element-e449221\" data-id=\"e449221\" data-element_type=\"column\" data-e-type=\"column\">\n\t\t\t<div class=\"elementor-widget-wrap elementor-element-populated\">\n\t\t\t\t\t\t<div class=\"elementor-element elementor-element-b298970 elementor-widget elementor-widget-heading\" data-id=\"b298970\" data-element_type=\"widget\" data-e-type=\"widget\" data-widget_type=\"heading.default\">\n\t\t\t\t<div class=\"elementor-widget-container\">\n\t\t\t\t\t<h2 class=\"elementor-heading-title elementor-size-default\">Hicimos pa\u00f1uelos<\/h2>\t\t\t\t<\/div>\n\t\t\t\t<\/div>\n\t\t\t\t\t<\/div>\n\t\t<\/div>\n\t\t\t\t\t<\/div>\n\t\t<\/section>\n\t\t\t\t<section class=\"elementor-section elementor-inner-section elementor-element elementor-element-897f4cb elementor-section-boxed elementor-section-height-default elementor-section-height-default\" data-id=\"897f4cb\" data-element_type=\"section\" data-e-type=\"section\">\n\t\t\t\t\t\t<div class=\"elementor-container elementor-column-gap-default\">\n\t\t\t\t\t<div class=\"elementor-column elementor-col-50 elementor-inner-column elementor-element elementor-element-66141cc\" data-id=\"66141cc\" data-element_type=\"column\" data-e-type=\"column\">\n\t\t\t<div class=\"elementor-widget-wrap elementor-element-populated\">\n\t\t\t\t\t\t<div class=\"elementor-element elementor-element-9195023 elementor-widget elementor-widget-image\" data-id=\"9195023\" data-element_type=\"widget\" data-e-type=\"widget\" data-widget_type=\"image.default\">\n\t\t\t\t<div class=\"elementor-widget-container\">\n\t\t\t\t\t\t\t\t\t\t\t\t\t\t\t<img fetchpriority=\"high\" decoding=\"async\" width=\"800\" height=\"600\" src=\"https:\/\/memoriadelasvictorias.com\/wp-content\/uploads\/2023\/07\/panuelos4.jpg\" class=\"attachment-large size-large wp-image-1120\" alt=\"\" srcset=\"https:\/\/memoriadelasvictorias.com\/wp-content\/uploads\/2023\/07\/panuelos4.jpg 800w, https:\/\/memoriadelasvictorias.com\/wp-content\/uploads\/2023\/07\/panuelos4-300x225.jpg 300w, https:\/\/memoriadelasvictorias.com\/wp-content\/uploads\/2023\/07\/panuelos4-768x576.jpg 768w\" sizes=\"(max-width: 800px) 100vw, 800px\" \/>\t\t\t\t\t\t\t\t\t\t\t\t\t\t\t<\/div>\n\t\t\t\t<\/div>\n\t\t\t\t\t<\/div>\n\t\t<\/div>\n\t\t\t\t<div class=\"elementor-column elementor-col-50 elementor-inner-column elementor-element elementor-element-f8a1d41\" data-id=\"f8a1d41\" data-element_type=\"column\" data-e-type=\"column\">\n\t\t\t<div class=\"elementor-widget-wrap elementor-element-populated\">\n\t\t\t\t\t\t<div class=\"elementor-element elementor-element-f91d24c elementor-widget elementor-widget-image\" data-id=\"f91d24c\" data-element_type=\"widget\" data-e-type=\"widget\" data-widget_type=\"image.default\">\n\t\t\t\t<div class=\"elementor-widget-container\">\n\t\t\t\t\t\t\t\t\t\t\t\t\t\t\t<img decoding=\"async\" width=\"800\" height=\"600\" src=\"https:\/\/memoriadelasvictorias.com\/wp-content\/uploads\/2023\/07\/panuelos5.jpg\" class=\"attachment-large size-large wp-image-1121\" alt=\"\" srcset=\"https:\/\/memoriadelasvictorias.com\/wp-content\/uploads\/2023\/07\/panuelos5.jpg 800w, https:\/\/memoriadelasvictorias.com\/wp-content\/uploads\/2023\/07\/panuelos5-300x225.jpg 300w, https:\/\/memoriadelasvictorias.com\/wp-content\/uploads\/2023\/07\/panuelos5-768x576.jpg 768w\" sizes=\"(max-width: 800px) 100vw, 800px\" \/>\t\t\t\t\t\t\t\t\t\t\t\t\t\t\t<\/div>\n\t\t\t\t<\/div>\n\t\t\t\t\t<\/div>\n\t\t<\/div>\n\t\t\t\t\t<\/div>\n\t\t<\/section>\n\t\t\t\t<section class=\"elementor-section elementor-inner-section elementor-element elementor-element-97581d8 fondo-color1 elementor-section-boxed elementor-section-height-default elementor-section-height-default\" data-id=\"97581d8\" data-element_type=\"section\" data-e-type=\"section\">\n\t\t\t\t\t\t<div class=\"elementor-container elementor-column-gap-default\">\n\t\t\t\t\t<div class=\"elementor-column elementor-col-100 elementor-inner-column elementor-element elementor-element-e80fd19\" data-id=\"e80fd19\" data-element_type=\"column\" data-e-type=\"column\">\n\t\t\t<div class=\"elementor-widget-wrap elementor-element-populated\">\n\t\t\t\t\t\t<div class=\"elementor-element elementor-element-8bcd61e elementor-widget elementor-widget-heading\" data-id=\"8bcd61e\" data-element_type=\"widget\" data-e-type=\"widget\" data-widget_type=\"heading.default\">\n\t\t\t\t<div class=\"elementor-widget-container\">\n\t\t\t\t\t<h3 class=\"elementor-heading-title elementor-size-default\">Manos a la obra<\/h3>\t\t\t\t<\/div>\n\t\t\t\t<\/div>\n\t\t\t\t<div class=\"elementor-element elementor-element-5f625a7 txt-2cols elementor-widget elementor-widget-text-editor\" data-id=\"5f625a7\" data-element_type=\"widget\" data-e-type=\"widget\" data-widget_type=\"text-editor.default\">\n\t\t\t\t<div class=\"elementor-widget-container\">\n\t\t\t\t\t\t\t\t\t<p><span style=\"font-weight: 400;\">Unos d\u00edas antes del 14 de junio de 2014 est\u00e1bamos juntas otra vez. Como hac\u00eda mucho, tant\u00edsimo. La mayor\u00eda de nosotras no se hab\u00eda vuelto a ver. Ah\u00ed est\u00e1bamos, en la alegr\u00eda de encontrarnos despu\u00e9s de tanto tiempo, re-conoci\u00e9ndonos, en alg\u00fan caso apenas por un gesto, o en la forma de mirar, re\u00edr, tocarnos el pelo o mover las manos. Hablar y hablar para contarnos lo que hab\u00edamos hecho con nuestras vidas -o lo que la vida hab\u00eda hecho con nosotras. Convocadas ah\u00ed para recordar, para celebrar y reforzar la memoria de la comunidad de la Victoria, para traer de nuevo a quienes no pod\u00edan estar. Un rato nom\u00e1s y las manos en el agua helada iniciaban la ceremonia de encuentro tambi\u00e9n con aquellos que se hab\u00edan animado a dar un paso m\u00e1s.\u00a0<br \/><\/span><span style=\"font-style: inherit;\">Manos a la obra, mil ideas en la b\u00fasqueda de un s\u00edmbolo que pudiera materializar aquella etapa de risas y juegos pero tambi\u00e9n de iniciaci\u00f3n a un camino de compromiso con los dem\u00e1s. Entonces nos buscamos en fotos borrosas caminado al lado de un r\u00edo, haciendo un fueguito, inventando rituales en los que jur\u00e1bamos a ser mejores y meritorias de un pa\u00f1uelo dador de pertenencia.\u00a0<br \/><\/span><span style=\"font-style: inherit;\">Porque la historia de quienes est\u00e1bamos all\u00ed nos encontraba enlazadas a un pasado de pa\u00f1uelos de tela gruesa y pocos colores bien definidos anudados al cuello, nos volv\u00eda al patio de tierra de la parroquia, en s\u00e1bados eternos con rondas de guitarras, mate cocido y canciones que anunciaban la cercan\u00eda de un \u201cHombre Nuevo\u201d, un pueblo m\u00e1s feliz y un pa\u00eds m\u00e1s justo que jur\u00e1bamos construir. Esa misma historia nos tra\u00eda ma\u00f1anas de domingo, en las que muchas veces la fe se nos iba y pod\u00eda regresar en la voz gruesa del Vasco, en palabras como compromiso, pueblo, opci\u00f3n por los pobres\u2026<br \/><\/span><span style=\"font-style: inherit;\">Fueron alegres pa\u00f1uelos de infancias felices y adolescencias que a ciegas empezaban a intuir el asomo de un cielo negro que a\u00fan no ten\u00eda palabras para nombrarse. Pronto no habr\u00eda m\u00e1s s\u00e1bados de encuentro ni amigos ni parroquia y tuvimos que desaprender canciones y aprender otras palabras para nombrar el miedo: dictadura, desparecidxs, terrorismo de Estado. Pronto el pa\u00eds conocer\u00eda otros pa\u00f1uelos y convocar\u00eda\u00a0 a otras rondas. Y la palabra Madres ya no tendr\u00eda el mismo sentido.<br \/><\/span><span style=\"font-style: inherit; font-weight: inherit;\">Mucho m\u00e1s tarde, nuevos pa\u00f1uelos, con m\u00e1s color,\u00a0 tomar\u00edan libremente las calles para enunciar luchas nuevas. Pa\u00f1uelos que se anudan y sumando capas de sentido nos ligan entre generaciones.\u00a0<\/span><\/p><p>\u00a0<\/p><p><span style=\"font-weight: 400;\">Decidimos entonces tomar aquellos primeros pa\u00f1uelos como s\u00edmbolo e invitaci\u00f3n a la memoria de ese pasado com\u00fan pero tambi\u00e9n como s\u00edntesis de aquella comunidad de la Victoria que supo abrazarnos amorosa y doliente.\u00a0<br \/><\/span><span style=\"font-style: inherit;\">Durante aquellos dos d\u00edas pudimos volver a jugar en aquel campamento improvisado en la casa de Isabel Busso: s\u00f3lo est\u00e1bamos cambiando las ollas y el fog\u00f3n por baldes con agua y anilinas para transformar retazos de s\u00e1banas y manteles en cientos de pa\u00f1uelos triangulares, que, una vez escurridos pasaban de mano en mano para secarse sobre las sillas del comedor y terminar adquiriendo una infinidad de colores dudosos y p\u00e1lidos. Un c\u00edrculo estampado en un v\u00e9rtice terminar\u00eda sellando la fidelidad a los ideales de entonces, la continuidad de la esperanza y la militancia -cada uno a su modo- por la utop\u00eda de mundo m\u00e1s bueno, el que hab\u00edamos empezado a so\u00f1ar en el patio de la Parroquia de la Victoria.<br \/><\/span><span style=\"font-style: inherit;\">Padre, Hijo, Esp\u00edritu Santo. Memoria, Verdad y Justicia. Pa\u00f1uelitos de tres puntas que nos anudan a memorias personales y colectivas.\u00a0<\/span><\/p><p>\u00a0<\/p>\t\t\t\t\t\t\t\t<\/div>\n\t\t\t\t<\/div>\n\t\t\t\t<div class=\"elementor-element elementor-element-610df7d elementor-widget elementor-widget-text-editor\" data-id=\"610df7d\" data-element_type=\"widget\" data-e-type=\"widget\" data-widget_type=\"text-editor.default\">\n\t\t\t\t<div class=\"elementor-widget-container\">\n\t\t\t\t\t\t\t\t\t<p style=\"text-align: right;\"><strong>Silvia Lalli<\/strong><\/p>\t\t\t\t\t\t\t\t<\/div>\n\t\t\t\t<\/div>\n\t\t\t\t\t<\/div>\n\t\t<\/div>\n\t\t\t\t\t<\/div>\n\t\t<\/section>\n\t\t\t\t<section class=\"elementor-section elementor-inner-section elementor-element elementor-element-4fa9273 elementor-section-boxed elementor-section-height-default elementor-section-height-default\" data-id=\"4fa9273\" data-element_type=\"section\" data-e-type=\"section\">\n\t\t\t\t\t\t<div class=\"elementor-container elementor-column-gap-default\">\n\t\t\t\t\t<div class=\"elementor-column elementor-col-100 elementor-inner-column elementor-element elementor-element-4bbc72b\" data-id=\"4bbc72b\" data-element_type=\"column\" data-e-type=\"column\">\n\t\t\t<div class=\"elementor-widget-wrap elementor-element-populated\">\n\t\t\t\t\t\t<div class=\"elementor-element elementor-element-43130e8 elementor-arrows-position-inside elementor-pagination-position-outside elementor-widget elementor-widget-image-carousel\" data-id=\"43130e8\" data-element_type=\"widget\" data-e-type=\"widget\" data-settings=\"{&quot;slides_to_show&quot;:&quot;2&quot;,&quot;autoplay&quot;:&quot;no&quot;,&quot;navigation&quot;:&quot;both&quot;,&quot;infinite&quot;:&quot;yes&quot;,&quot;speed&quot;:500,&quot;image_spacing_custom&quot;:{&quot;unit&quot;:&quot;px&quot;,&quot;size&quot;:20,&quot;sizes&quot;:[]},&quot;image_spacing_custom_tablet&quot;:{&quot;unit&quot;:&quot;px&quot;,&quot;size&quot;:&quot;&quot;,&quot;sizes&quot;:[]},&quot;image_spacing_custom_mobile&quot;:{&quot;unit&quot;:&quot;px&quot;,&quot;size&quot;:&quot;&quot;,&quot;sizes&quot;:[]}}\" data-widget_type=\"image-carousel.default\">\n\t\t\t\t<div class=\"elementor-widget-container\">\n\t\t\t\t\t\t\t<div class=\"elementor-image-carousel-wrapper swiper\" role=\"region\" aria-roledescription=\"carousel\" aria-label=\"Carrusel de im\u00e1genes\" dir=\"ltr\">\n\t\t\t<div class=\"elementor-image-carousel swiper-wrapper\" aria-live=\"polite\">\n\t\t\t\t\t\t\t\t<div class=\"swiper-slide\" role=\"group\" aria-roledescription=\"slide\" aria-label=\"1 of 3\"><figure class=\"swiper-slide-inner\"><img decoding=\"async\" class=\"swiper-slide-image\" src=\"https:\/\/memoriadelasvictorias.com\/wp-content\/uploads\/2023\/07\/panuelos1.jpg\" alt=\"panuelos1\" \/><\/figure><\/div><div class=\"swiper-slide\" role=\"group\" aria-roledescription=\"slide\" aria-label=\"2 of 3\"><figure class=\"swiper-slide-inner\"><img decoding=\"async\" class=\"swiper-slide-image\" src=\"https:\/\/memoriadelasvictorias.com\/wp-content\/uploads\/2023\/07\/panuelos2.jpg\" alt=\"panuelos2\" \/><\/figure><\/div><div class=\"swiper-slide\" role=\"group\" aria-roledescription=\"slide\" aria-label=\"3 of 3\"><figure class=\"swiper-slide-inner\"><img decoding=\"async\" class=\"swiper-slide-image\" src=\"https:\/\/memoriadelasvictorias.com\/wp-content\/uploads\/2023\/07\/panuelos3.jpg\" alt=\"panuelos3\" \/><\/figure><\/div>\t\t\t<\/div>\n\t\t\t\t\t\t\t\t\t\t\t\t<div class=\"elementor-swiper-button elementor-swiper-button-prev\" role=\"button\" tabindex=\"0\">\n\t\t\t\t\t\t<i aria-hidden=\"true\" class=\"eicon-chevron-left\"><\/i>\t\t\t\t\t<\/div>\n\t\t\t\t\t<div class=\"elementor-swiper-button elementor-swiper-button-next\" role=\"button\" tabindex=\"0\">\n\t\t\t\t\t\t<i aria-hidden=\"true\" class=\"eicon-chevron-right\"><\/i>\t\t\t\t\t<\/div>\n\t\t\t\t\n\t\t\t\t\t\t\t\t\t<div class=\"swiper-pagination\"><\/div>\n\t\t\t\t\t\t\t\t\t<\/div>\n\t\t\t\t\t\t<\/div>\n\t\t\t\t<\/div>\n\t\t\t\t\t<\/div>\n\t\t<\/div>\n\t\t\t\t\t<\/div>\n\t\t<\/section>\n\t\t\t\t\t<\/div>\n\t\t<\/div>\n\t\t\t\t\t<\/div>\n\t\t<\/section>\n\t\t\t\t<\/div>\n\t\t","protected":false},"excerpt":{"rendered":"<p>Hicimos pa\u00f1uelos Manos a la obra Unos d\u00edas antes del 14 de junio de 2014 est\u00e1bamos juntas otra vez. Como hac\u00eda mucho, tant\u00edsimo. La mayor\u00eda de nosotras no se hab\u00eda vuelto a ver. Ah\u00ed est\u00e1bamos, en la alegr\u00eda de encontrarnos despu\u00e9s de tanto tiempo, re-conoci\u00e9ndonos, en alg\u00fan caso apenas por un gesto, o en la [&hellip;]<\/p>\n","protected":false},"author":1,"featured_media":0,"parent":155,"menu_order":0,"comment_status":"closed","ping_status":"closed","template":"","meta":{"site-sidebar-layout":"no-sidebar","site-content-layout":"page-builder","ast-site-content-layout":"default","site-content-style":"default","site-sidebar-style":"default","ast-global-header-display":"","ast-banner-title-visibility":"","ast-main-header-display":"","ast-hfb-above-header-display":"","ast-hfb-below-header-display":"","ast-hfb-mobile-header-display":"","site-post-title":"disabled","ast-breadcrumbs-content":"","ast-featured-img":"disabled","footer-sml-layout":"","ast-disable-related-posts":"","theme-transparent-header-meta":"","adv-header-id-meta":"","stick-header-meta":"","header-above-stick-meta":"","header-main-stick-meta":"","header-below-stick-meta":"","astra-migrate-meta-layouts":"default","ast-page-background-enabled":"default","ast-page-background-meta":{"desktop":{"background-color":"var(--ast-global-color-4)","background-image":"","background-repeat":"repeat","background-position":"center center","background-size":"auto","background-attachment":"scroll","background-type":"","background-media":"","overlay-type":"","overlay-color":"","overlay-opacity":"","overlay-gradient":""},"tablet":{"background-color":"","background-image":"","background-repeat":"repeat","background-position":"center center","background-size":"auto","background-attachment":"scroll","background-type":"","background-media":"","overlay-type":"","overlay-color":"","overlay-opacity":"","overlay-gradient":""},"mobile":{"background-color":"","background-image":"","background-repeat":"repeat","background-position":"center center","background-size":"auto","background-attachment":"scroll","background-type":"","background-media":"","overlay-type":"","overlay-color":"","overlay-opacity":"","overlay-gradient":""}},"ast-content-background-meta":{"desktop":{"background-color":"var(--ast-global-color-5)","background-image":"","background-repeat":"repeat","background-position":"center center","background-size":"auto","background-attachment":"scroll","background-type":"","background-media":"","overlay-type":"","overlay-color":"","overlay-opacity":"","overlay-gradient":""},"tablet":{"background-color":"var(--ast-global-color-5)","background-image":"","background-repeat":"repeat","background-position":"center center","background-size":"auto","background-attachment":"scroll","background-type":"","background-media":"","overlay-type":"","overlay-color":"","overlay-opacity":"","overlay-gradient":""},"mobile":{"background-color":"var(--ast-global-color-5)","background-image":"","background-repeat":"repeat","background-position":"center center","background-size":"auto","background-attachment":"scroll","background-type":"","background-media":"","overlay-type":"","overlay-color":"","overlay-opacity":"","overlay-gradient":""}},"footnotes":""},"class_list":["post-1046","page","type-page","status-publish","hentry"],"_links":{"self":[{"href":"https:\/\/memoriadelasvictorias.com\/index.php\/wp-json\/wp\/v2\/pages\/1046","targetHints":{"allow":["GET"]}}],"collection":[{"href":"https:\/\/memoriadelasvictorias.com\/index.php\/wp-json\/wp\/v2\/pages"}],"about":[{"href":"https:\/\/memoriadelasvictorias.com\/index.php\/wp-json\/wp\/v2\/types\/page"}],"author":[{"embeddable":true,"href":"https:\/\/memoriadelasvictorias.com\/index.php\/wp-json\/wp\/v2\/users\/1"}],"replies":[{"embeddable":true,"href":"https:\/\/memoriadelasvictorias.com\/index.php\/wp-json\/wp\/v2\/comments?post=1046"}],"version-history":[{"count":7,"href":"https:\/\/memoriadelasvictorias.com\/index.php\/wp-json\/wp\/v2\/pages\/1046\/revisions"}],"predecessor-version":[{"id":1372,"href":"https:\/\/memoriadelasvictorias.com\/index.php\/wp-json\/wp\/v2\/pages\/1046\/revisions\/1372"}],"up":[{"embeddable":true,"href":"https:\/\/memoriadelasvictorias.com\/index.php\/wp-json\/wp\/v2\/pages\/155"}],"wp:attachment":[{"href":"https:\/\/memoriadelasvictorias.com\/index.php\/wp-json\/wp\/v2\/media?parent=1046"}],"curies":[{"name":"wp","href":"https:\/\/api.w.org\/{rel}","templated":true}]}}